{"id":21,"date":"2019-04-22T16:23:49","date_gmt":"2019-04-22T16:23:49","guid":{"rendered":"http:\/\/antoniojosebotelho.com.br\/br\/?page_id=21"},"modified":"2024-06-29T16:50:59","modified_gmt":"2024-06-29T20:50:59","slug":"sobre-o-autor","status":"publish","type":"page","link":"http:\/\/antoniojosebotelho.com.br\/br\/sobre-o-autor\/","title":{"rendered":"Sobre o Autor"},"content":{"rendered":"\n<p><strong>Introdu\u00e7\u00e3o<\/strong>    <br>Amazonense de Manaus, casado, pai, av\u00f4, servidor p\u00fablico federal aposentado, pensador sobre o conhecimento, buscador do auto-conhecimento.<\/p>\n\n\n\n<p><strong>Forma\u00e7\u00e3o Profissional<\/strong><br>Administrador; Engenheiro Civil; Especialista em Metodologia de Avalia\u00e7\u00e3o de Impacto Ambiental; Especialista em Ci\u00eancia Pol\u00edtica; Especialista em Projetos Industriais; Mestre em Engenharia de Produ\u00e7\u00e3o; Instrutor de Hatha Yoga.<br><\/p>\n\n\n\n<p><strong>Interesses<\/strong> <br>Contribuir para o fortalecimento do capital social de Manaus socializando ideias e ideais na l\u00f3gica de &#8220;ganhar o mundo&#8221;. Apresentar o Hatha Yoga para interessados em projetos volunt\u00e1rios. Atuar no mercado como instrutor de Hatha Yoga.<br><br><strong>Filmes favoritos<\/strong><br>Hist\u00f3ricos, document\u00e1rios, dram\u00e1ticos, romanescos, autobiogr\u00e1ficos.<br><br><strong>M\u00fasicas favoritas<\/strong><br>M\u00fasica popular brasileira, bossa nova, jazz, blues, m\u00fasica cl\u00e1ssica, mantras hindus e budistas, cantos gregoriano, m\u00fasica instrumental.<br><br><strong>Livros favoritos<\/strong><br>Sobre filosofia, sobre espiritualidades, sobre desenvolvimento, autobiogr\u00e1ficos.<\/p>\n\n\n\n<p><strong>Fam\u00edlia Ascendente<\/strong><br>&#8211; <a href=\"http:\/\/antoniojosebotelho.com.br\/br\/wp-content\/uploads\/2019\/11\/arvoredosbotelho-a-partir-de-manuel-soares-botelho.pdf\" target=\"_blank\" rel=\"noreferrer noopener\" aria-label=\" (abre numa nova aba)\">Visualizar \u00c1rvore Paterna<\/a> (PDF).<br>&#8211; <a href=\"http:\/\/antoniojosebotelho.com.br\/br\/wp-content\/uploads\/2019\/11\/\u00e1rvore-MICAS.pdf\" target=\"_blank\" rel=\"noreferrer noopener\" aria-label=\" (abre numa nova aba)\">Visualizar \u00c1rvore Materna<\/a> (PDF)<\/p>\n","protected":false},"excerpt":{"rendered":"<p>Introdu\u00e7\u00e3o Amazonense de Manaus, casado, pai, av\u00f4, servidor p\u00fablico federal aposentado, pensador sobre o conhecimento, buscador do auto-conhecimento. Forma\u00e7\u00e3o ProfissionalAdministrador; Engenheiro Civil; Especialista em Metodologia de Avalia\u00e7\u00e3o de Impacto Ambiental; Especialista em Ci\u00eancia Pol\u00edtica; Especialista em Projetos Industriais; Mestre em Engenharia de Produ\u00e7\u00e3o; Instrutor de Hatha Yoga. Interesses Contribuir para o fortalecimento do capital social [&hellip;]<\/p>\n","protected":false},"author":1,"featured_media":1004,"parent":0,"menu_order":0,"comment_status":"closed","ping_status":"closed","template":"","meta":{"footnotes":""},"class_list":["post-21","page","type-page","status-publish","has-post-thumbnail","hentry"],"yoast_head":"<!-- This site is optimized with the Yoast SEO plugin v27.4 - https:\/\/yoast.com\/product\/yoast-seo-wordpress\/ -->\n<title>Sobre o Autor - Ant\u00f4nio Jos\u00e9 Botelho<\/title>\n<meta name=\"robots\" content=\"index, follow, max-snippet:-1, max-image-preview:large, max-video-preview:-1\" \/>\n<link rel=\"canonical\" href=\"http:\/\/antoniojosebotelho.com.br\/br\/sobre-o-autor\/\" \/>\n<meta property=\"og:locale\" content=\"pt_BR\" \/>\n<meta property=\"og:type\" content=\"article\" \/>\n<meta property=\"og:title\" content=\"Sobre o Autor - Ant\u00f4nio Jos\u00e9 Botelho\" \/>\n<meta property=\"og:description\" content=\"Introdu\u00e7\u00e3o Amazonense de Manaus, casado, pai, av\u00f4, servidor p\u00fablico federal aposentado, pensador sobre o conhecimento, buscador do auto-conhecimento. Forma\u00e7\u00e3o ProfissionalAdministrador; Engenheiro Civil; Especialista em Metodologia de Avalia\u00e7\u00e3o de Impacto Ambiental; Especialista em Ci\u00eancia Pol\u00edtica; Especialista em Projetos Industriais; Mestre em Engenharia de Produ\u00e7\u00e3o; Instrutor de Hatha Yoga. Interesses Contribuir para o fortalecimento do capital social [&hellip;]\" \/>\n<meta property=\"og:url\" content=\"http:\/\/antoniojosebotelho.com.br\/br\/sobre-o-autor\/\" \/>\n<meta property=\"og:site_name\" content=\"Ant\u00f4nio Jos\u00e9 Botelho\" \/>\n<meta property=\"article:modified_time\" content=\"2024-06-29T20:50:59+00:00\" \/>\n<meta property=\"og:image\" content=\"http:\/\/antoniojosebotelho.com.br\/br\/wp-content\/uploads\/2021\/05\/botelho-capa-sobre2.png\" \/>\n\t<meta property=\"og:image:width\" content=\"1500\" \/>\n\t<meta property=\"og:image:height\" content=\"500\" \/>\n\t<meta property=\"og:image:type\" content=\"image\/png\" \/>\n<meta name=\"twitter:card\" content=\"summary_large_image\" \/>\n<meta name=\"twitter:label1\" content=\"Est. tempo de leitura\" \/>\n\t<meta name=\"twitter:data1\" content=\"1 minuto\" \/>\n<script type=\"application\/ld+json\" class=\"yoast-schema-graph\">{\"@context\":\"https:\\\/\\\/schema.org\",\"@graph\":[{\"@type\":\"WebPage\",\"@id\":\"http:\\\/\\\/antoniojosebotelho.com.br\\\/br\\\/sobre-o-autor\\\/\",\"url\":\"http:\\\/\\\/antoniojosebotelho.com.br\\\/br\\\/sobre-o-autor\\\/\",\"name\":\"Sobre o Autor - Ant\u00f4nio Jos\u00e9 Botelho\",\"isPartOf\":{\"@id\":\"http:\\\/\\\/antoniojosebotelho.com.br\\\/br\\\/#website\"},\"primaryImageOfPage\":{\"@id\":\"http:\\\/\\\/antoniojosebotelho.com.br\\\/br\\\/sobre-o-autor\\\/#primaryimage\"},\"image\":{\"@id\":\"http:\\\/\\\/antoniojosebotelho.com.br\\\/br\\\/sobre-o-autor\\\/#primaryimage\"},\"thumbnailUrl\":\"http:\\\/\\\/antoniojosebotelho.com.br\\\/br\\\/wp-content\\\/uploads\\\/2021\\\/05\\\/botelho-capa-sobre2.png\",\"datePublished\":\"2019-04-22T16:23:49+00:00\",\"dateModified\":\"2024-06-29T20:50:59+00:00\",\"breadcrumb\":{\"@id\":\"http:\\\/\\\/antoniojosebotelho.com.br\\\/br\\\/sobre-o-autor\\\/#breadcrumb\"},\"inLanguage\":\"pt-BR\",\"potentialAction\":[{\"@type\":\"ReadAction\",\"target\":[\"http:\\\/\\\/antoniojosebotelho.com.br\\\/br\\\/sobre-o-autor\\\/\"]}]},{\"@type\":\"ImageObject\",\"inLanguage\":\"pt-BR\",\"@id\":\"http:\\\/\\\/antoniojosebotelho.com.br\\\/br\\\/sobre-o-autor\\\/#primaryimage\",\"url\":\"http:\\\/\\\/antoniojosebotelho.com.br\\\/br\\\/wp-content\\\/uploads\\\/2021\\\/05\\\/botelho-capa-sobre2.png\",\"contentUrl\":\"http:\\\/\\\/antoniojosebotelho.com.br\\\/br\\\/wp-content\\\/uploads\\\/2021\\\/05\\\/botelho-capa-sobre2.png\",\"width\":1500,\"height\":500},{\"@type\":\"BreadcrumbList\",\"@id\":\"http:\\\/\\\/antoniojosebotelho.com.br\\\/br\\\/sobre-o-autor\\\/#breadcrumb\",\"itemListElement\":[{\"@type\":\"ListItem\",\"position\":1,\"name\":\"In\u00edcio\",\"item\":\"http:\\\/\\\/antoniojosebotelho.com.br\\\/br\\\/\"},{\"@type\":\"ListItem\",\"position\":2,\"name\":\"Sobre o Autor\"}]},{\"@type\":\"WebSite\",\"@id\":\"http:\\\/\\\/antoniojosebotelho.com.br\\\/br\\\/#website\",\"url\":\"http:\\\/\\\/antoniojosebotelho.com.br\\\/br\\\/\",\"name\":\"Ant\u00f4nio Jos\u00e9 Botelho\",\"description\":\"Publica\u00e7\u00f5es e Artigos.\",\"publisher\":{\"@id\":\"http:\\\/\\\/antoniojosebotelho.com.br\\\/br\\\/#\\\/schema\\\/person\\\/43d740221d9216f49d857c5020d14dbc\"},\"potentialAction\":[{\"@type\":\"SearchAction\",\"target\":{\"@type\":\"EntryPoint\",\"urlTemplate\":\"http:\\\/\\\/antoniojosebotelho.com.br\\\/br\\\/?s={search_term_string}\"},\"query-input\":{\"@type\":\"PropertyValueSpecification\",\"valueRequired\":true,\"valueName\":\"search_term_string\"}}],\"inLanguage\":\"pt-BR\"},{\"@type\":[\"Person\",\"Organization\"],\"@id\":\"http:\\\/\\\/antoniojosebotelho.com.br\\\/br\\\/#\\\/schema\\\/person\\\/43d740221d9216f49d857c5020d14dbc\",\"name\":\"abotelho\",\"image\":{\"@type\":\"ImageObject\",\"inLanguage\":\"pt-BR\",\"@id\":\"http:\\\/\\\/antoniojosebotelho.com.br\\\/br\\\/wp-content\\\/uploads\\\/2019\\\/04\\\/img_capa-head2.png\",\"url\":\"http:\\\/\\\/antoniojosebotelho.com.br\\\/br\\\/wp-content\\\/uploads\\\/2019\\\/04\\\/img_capa-head2.png\",\"contentUrl\":\"http:\\\/\\\/antoniojosebotelho.com.br\\\/br\\\/wp-content\\\/uploads\\\/2019\\\/04\\\/img_capa-head2.png\",\"width\":240,\"height\":32,\"caption\":\"abotelho\"},\"logo\":{\"@id\":\"http:\\\/\\\/antoniojosebotelho.com.br\\\/br\\\/wp-content\\\/uploads\\\/2019\\\/04\\\/img_capa-head2.png\"}}]}<\/script>\n<!-- \/ Yoast SEO plugin. -->","yoast_head_json":{"title":"Sobre o Autor - Ant\u00f4nio Jos\u00e9 Botelho","robots":{"index":"index","follow":"follow","max-snippet":"max-snippet:-1","max-image-preview":"max-image-preview:large","max-video-preview":"max-video-preview:-1"},"canonical":"http:\/\/antoniojosebotelho.com.br\/br\/sobre-o-autor\/","og_locale":"pt_BR","og_type":"article","og_title":"Sobre o Autor - Ant\u00f4nio Jos\u00e9 Botelho","og_description":"Introdu\u00e7\u00e3o Amazonense de Manaus, casado, pai, av\u00f4, servidor p\u00fablico federal aposentado, pensador sobre o conhecimento, buscador do auto-conhecimento. Forma\u00e7\u00e3o ProfissionalAdministrador; Engenheiro Civil; Especialista em Metodologia de Avalia\u00e7\u00e3o de Impacto Ambiental; Especialista em Ci\u00eancia Pol\u00edtica; Especialista em Projetos Industriais; Mestre em Engenharia de Produ\u00e7\u00e3o; Instrutor de Hatha Yoga. Interesses Contribuir para o fortalecimento do capital social [&hellip;]","og_url":"http:\/\/antoniojosebotelho.com.br\/br\/sobre-o-autor\/","og_site_name":"Ant\u00f4nio Jos\u00e9 Botelho","article_modified_time":"2024-06-29T20:50:59+00:00","og_image":[{"width":1500,"height":500,"url":"http:\/\/antoniojosebotelho.com.br\/br\/wp-content\/uploads\/2021\/05\/botelho-capa-sobre2.png","type":"image\/png"}],"twitter_card":"summary_large_image","twitter_misc":{"Est. tempo de leitura":"1 minuto"},"schema":{"@context":"https:\/\/schema.org","@graph":[{"@type":"WebPage","@id":"http:\/\/antoniojosebotelho.com.br\/br\/sobre-o-autor\/","url":"http:\/\/antoniojosebotelho.com.br\/br\/sobre-o-autor\/","name":"Sobre o Autor - Ant\u00f4nio Jos\u00e9 Botelho","isPartOf":{"@id":"http:\/\/antoniojosebotelho.com.br\/br\/#website"},"primaryImageOfPage":{"@id":"http:\/\/antoniojosebotelho.com.br\/br\/sobre-o-autor\/#primaryimage"},"image":{"@id":"http:\/\/antoniojosebotelho.com.br\/br\/sobre-o-autor\/#primaryimage"},"thumbnailUrl":"http:\/\/antoniojosebotelho.com.br\/br\/wp-content\/uploads\/2021\/05\/botelho-capa-sobre2.png","datePublished":"2019-04-22T16:23:49+00:00","dateModified":"2024-06-29T20:50:59+00:00","breadcrumb":{"@id":"http:\/\/antoniojosebotelho.com.br\/br\/sobre-o-autor\/#breadcrumb"},"inLanguage":"pt-BR","potentialAction":[{"@type":"ReadAction","target":["http:\/\/antoniojosebotelho.com.br\/br\/sobre-o-autor\/"]}]},{"@type":"ImageObject","inLanguage":"pt-BR","@id":"http:\/\/antoniojosebotelho.com.br\/br\/sobre-o-autor\/#primaryimage","url":"http:\/\/antoniojosebotelho.com.br\/br\/wp-content\/uploads\/2021\/05\/botelho-capa-sobre2.png","contentUrl":"http:\/\/antoniojosebotelho.com.br\/br\/wp-content\/uploads\/2021\/05\/botelho-capa-sobre2.png","width":1500,"height":500},{"@type":"BreadcrumbList","@id":"http:\/\/antoniojosebotelho.com.br\/br\/sobre-o-autor\/#breadcrumb","itemListElement":[{"@type":"ListItem","position":1,"name":"In\u00edcio","item":"http:\/\/antoniojosebotelho.com.br\/br\/"},{"@type":"ListItem","position":2,"name":"Sobre o Autor"}]},{"@type":"WebSite","@id":"http:\/\/antoniojosebotelho.com.br\/br\/#website","url":"http:\/\/antoniojosebotelho.com.br\/br\/","name":"Ant\u00f4nio Jos\u00e9 Botelho","description":"Publica\u00e7\u00f5es e Artigos.","publisher":{"@id":"http:\/\/antoniojosebotelho.com.br\/br\/#\/schema\/person\/43d740221d9216f49d857c5020d14dbc"},"potentialAction":[{"@type":"SearchAction","target":{"@type":"EntryPoint","urlTemplate":"http:\/\/antoniojosebotelho.com.br\/br\/?s={search_term_string}"},"query-input":{"@type":"PropertyValueSpecification","valueRequired":true,"valueName":"search_term_string"}}],"inLanguage":"pt-BR"},{"@type":["Person","Organization"],"@id":"http:\/\/antoniojosebotelho.com.br\/br\/#\/schema\/person\/43d740221d9216f49d857c5020d14dbc","name":"abotelho","image":{"@type":"ImageObject","inLanguage":"pt-BR","@id":"http:\/\/antoniojosebotelho.com.br\/br\/wp-content\/uploads\/2019\/04\/img_capa-head2.png","url":"http:\/\/antoniojosebotelho.com.br\/br\/wp-content\/uploads\/2019\/04\/img_capa-head2.png","contentUrl":"http:\/\/antoniojosebotelho.com.br\/br\/wp-content\/uploads\/2019\/04\/img_capa-head2.png","width":240,"height":32,"caption":"abotelho"},"logo":{"@id":"http:\/\/antoniojosebotelho.com.br\/br\/wp-content\/uploads\/2019\/04\/img_capa-head2.png"}}]}},"_links":{"self":[{"href":"http:\/\/antoniojosebotelho.com.br\/br\/wp-json\/wp\/v2\/pages\/21","targetHints":{"allow":["GET"]}}],"collection":[{"href":"http:\/\/antoniojosebotelho.com.br\/br\/wp-json\/wp\/v2\/pages"}],"about":[{"href":"http:\/\/antoniojosebotelho.com.br\/br\/wp-json\/wp\/v2\/types\/page"}],"author":[{"embeddable":true,"href":"http:\/\/antoniojosebotelho.com.br\/br\/wp-json\/wp\/v2\/users\/1"}],"replies":[{"embeddable":true,"href":"http:\/\/antoniojosebotelho.com.br\/br\/wp-json\/wp\/v2\/comments?post=21"}],"version-history":[{"count":12,"href":"http:\/\/antoniojosebotelho.com.br\/br\/wp-json\/wp\/v2\/pages\/21\/revisions"}],"predecessor-version":[{"id":1047,"href":"http:\/\/antoniojosebotelho.com.br\/br\/wp-json\/wp\/v2\/pages\/21\/revisions\/1047"}],"wp:featuredmedia":[{"embeddable":true,"href":"http:\/\/antoniojosebotelho.com.br\/br\/wp-json\/wp\/v2\/media\/1004"}],"wp:attachment":[{"href":"http:\/\/antoniojosebotelho.com.br\/br\/wp-json\/wp\/v2\/media?parent=21"}],"curies":[{"name":"wp","href":"https:\/\/api.w.org\/{rel}","templated":true}]}}